{"id":26,"date":"2022-10-26T01:51:41","date_gmt":"2022-10-25T22:51:41","guid":{"rendered":"https:\/\/bizarreproje.com.tr\/de\/?page_id=26"},"modified":"2022-10-26T01:55:34","modified_gmt":"2022-10-25T22:55:34","slug":"uber-uns","status":"publish","type":"page","link":"https:\/\/bizarreproje.com.tr\/de\/uber-uns\/","title":{"rendered":"\u00dcber uns"},"content":{"rendered":"\n<p>Als Konstruktionsfirma f\u00fcr Edelstahl, nach zehn Jahren Erfahrung, es wurde im Jahr 1998 gegr\u00fcndet, mit der heutigen Technik dient in der Metallm\u00f6bel und Zubeh\u00f6rindustrie. Von gro\u00dfen Hotels bis hin zu kleinen Einzelh\u00e4ndlern, unser Unternehmen ist in einem breiten Spektrum t\u00e4tig, Flughafen, M\u00f6bel, holzdesign, Metall und Innenarchitekt in allen Phasen, bei jedem Schritt mit dabei.<\/p>\n\n\n\n<p>Die Fabrik in Bursa, T\u00fcrkei, ist f\u00fcr die Fertigung alle Gr\u00f6\u00dfen ausgelegt, wir verbessern unsere Produktion kontinuierlich.<\/p>\n\n\n\n<p>Als Konstruktion Firma f\u00fcr Edelstahl, mit der dynamischen Struktur, indem wir die Entwicklungen genau verfolgen. Wir handeln, um unsere Vision und Identit\u00e4t auf dem globalen Markt zu wahren. Worauf wir uns konzentrieren um die Kunden Zufriedenheit, mit der Architekt, Innenarchitekt, Projektleiter und Mitarbeiter von Fachleuten.<\/p>\n\n\n\n<p>In jeder Phase des Entwicklungsprozesses, verpflichten wir uns, alle Handware und M\u00f6bel Anforderungen zu erf\u00fcllen.<\/p>\n","protected":false},"excerpt":{"rendered":"<p>Als Konstruktionsfirma f\u00fcr Edelstahl, nach zehn Jahren Erfahrung, es wurde im Jahr 1998 gegr\u00fcndet, mit der heutigen Technik dient in der Metallm\u00f6bel und Zubeh\u00f6rindustrie. Von gro\u00dfen Hotels bis hin zu kleinen Einzelh\u00e4ndlern, unser Unternehmen ist in einem breiten Spektrum t\u00e4tig, Flughafen, M\u00f6bel, holzdesign, Metall und Innenarchitekt in allen Phasen, bei jedem Schritt mit dabei. Die [&hellip;]<\/p>\n","protected":false},"author":1,"featured_media":0,"parent":0,"menu_order":0,"comment_status":"closed","ping_status":"closed","template":"template-fullwidth.php","meta":{"footnotes":""},"_links":{"self":[{"href":"https:\/\/bizarreproje.com.tr\/de\/wp-json\/wp\/v2\/pages\/26"}],"collection":[{"href":"https:\/\/bizarreproje.com.tr\/de\/wp-json\/wp\/v2\/pages"}],"about":[{"href":"https:\/\/bizarreproje.com.tr\/de\/wp-json\/wp\/v2\/types\/page"}],"author":[{"embeddable":true,"href":"https:\/\/bizarreproje.com.tr\/de\/wp-json\/wp\/v2\/users\/1"}],"replies":[{"embeddable":true,"href":"https:\/\/bizarreproje.com.tr\/de\/wp-json\/wp\/v2\/comments?post=26"}],"version-history":[{"count":2,"href":"https:\/\/bizarreproje.com.tr\/de\/wp-json\/wp\/v2\/pages\/26\/revisions"}],"predecessor-version":[{"id":34,"href":"https:\/\/bizarreproje.com.tr\/de\/wp-json\/wp\/v2\/pages\/26\/revisions\/34"}],"wp:attachment":[{"href":"https:\/\/bizarreproje.com.tr\/de\/wp-json\/wp\/v2\/media?parent=26"}],"curies":[{"name":"wp","href":"https:\/\/api.w.org\/{rel}","templated":true}]}}